{"id":10555,"date":"2023-01-24T11:04:24","date_gmt":"2023-01-24T08:04:24","guid":{"rendered":"https:\/\/duz.bailatango.com\/bodrum\/"},"modified":"2023-03-04T11:50:34","modified_gmt":"2023-03-04T08:50:34","slug":"bodrum","status":"publish","type":"page","link":"https:\/\/bailatango.com\/en\/bodrum\/","title":{"rendered":"Bodrum"},"content":{"rendered":"<p>[vc_row disable_background_image=&#8221;&#8221; enable_arrows_animation=&#8221;no&#8221; simple_background_image=&#8221;10694&#8243; parallax_background_image=&#8221;10694&#8243; parallax_responsive_background_image=&#8221;10694&#8243; parallax_bg_height=&#8221;500&#8243; simple_background_color=&#8221;#040000&#8243;][vc_column]<div class=\"eltdf-elements-holder eltdf-one-column eltdf-responsive-mode-768\" ><div class=\"eltdf-eh-item \"  data-item-class=\"eltdf-eh-custom-908163\">\n\t<div class=\"eltdf-eh-item-inner\">\n\t\t<div class=\"eltdf-eh-item-content eltdf-eh-custom-908163\" style=\"padding: 15% 48% 6.5% 17%\">\n\t\t\t[vc_column_text]<\/p>\n<h1><span style=\"color: #ffffff;\">Bodrum<\/span><\/h1>\n<p>[\/vc_column_text][vc_column_text]<\/p>\n<h1><span style=\"color: #ffffff;\">&#8230;<\/span><\/h1>\n<p>[\/vc_column_text]\t\t<\/div>\n\t<\/div>\n<\/div><\/div>[\/vc_column][\/vc_row][vc_row row_content_width=&#8221;grid&#8221; enable_arrows_animation=&#8221;yes&#8221; arrows_skin=&#8221;green&#8221; arrows_horizontal_position=&#8221;left&#8221; arrows_vertical_position=&#8221;middle&#8221; reduce_arrows_animation=&#8221;1440&#8243; disable_arrows_animation=&#8221;1440&#8243; content_text_aligment=&#8221;center&#8221; css=&#8221;.vc_custom_1673347332376{margin-top: 70px !important;}&#8221;][vc_column][\/vc_column][\/vc_row][vc_row row_content_width=&#8221;grid&#8221; enable_arrows_animation=&#8221;yes&#8221; arrows_skin=&#8221;green&#8221; arrows_horizontal_position=&#8221;right&#8221; arrows_vertical_position=&#8221;middle&#8221; reduce_arrows_animation=&#8221;1280&#8243; disable_arrows_animation=&#8221;1280&#8243; content_text_aligment=&#8221;center&#8221; css=&#8221;.vc_custom_1673347280994{margin-bottom: 70px !important;}&#8221;][vc_column][\/vc_column][\/vc_row][vc_row gap=&#8221;15&#8243; enable_arrows_animation=&#8221;no&#8221;][vc_column]<div class=\"eltdf-elements-holder eltdf-one-column eltdf-responsive-mode-1280\" ><div class=\"eltdf-eh-item  eltdf-horizontal-alignment-center\"  data-item-class=\"eltdf-eh-custom-534217\">\n\t<div class=\"eltdf-eh-item-inner\">\n\t\t<div class=\"eltdf-eh-item-content eltdf-eh-custom-534217\" style=\"padding: 0 15% 5% 15%\">\n\t\t\t[vc_column_text]Baila Tango<br \/>\nBodrum Tango CAMP<br \/>\nJune 11\/14 (Haziran) 2020<\/p>\n<p>BailaTango<br \/>\nBodrum Tango Camp (32EDITION)<br \/>\nBaila Tango\u2019s traditional Bodrum Camp continues to combine tango, fun and holiday with a huge crew.<br \/>\nIf You want to take a holiday full up of milongas, workshops, sea, beach, sun and tango join to our Bodrum Camp<\/p>\n<p>Come, let us tango in Bodrum\u2019s June tranquility, beneath the trees, right beside the wonderful G\u00fcvercinlik sea, let us set the sun and raise our glasses to the colours of the sky, start to a milonga with a fantastic crew. Let this be an unforgetable Tango vacation.<\/p>\n<p>Camp Maistro\u2019s<\/p>\n<p>Monica ROMERO Omar Ocampo<br \/>\nMetin YAZIR<br \/>\nTuncay \u00d6Z\u00c7EL\u0130K<br \/>\n\u00d6znur D\u00d6NMEZ<\/p>\n<p>Dj<\/p>\n<p>Mati T\u00dcRK<br \/>\nHandan \u00dcnal G\u00d6LGEL\u0130<\/p>\n<p>Costs:<br \/>\n(8 hours of tango lesson, practicas, accommodation, shows, workshops, milongas, breakfasts, lunchs and dinners are all included)<\/p>\n<p>JUNE 11 Thursday<br \/>\n13.00 Check in See relax<br \/>\n18.00 19.00 Women Technique Metin YAZIR<br \/>\n20.00 21.00 Dinner<br \/>\n21.00 00.00 Welcome Milonga<br \/>\nTDj Handan \u00dcnal G\u00d6LGELI<\/p>\n<p>JUNE 12 Friday<br \/>\n08.00 10.30 Breakfast<br \/>\n10.40 10.50 warmup \u00d6zge EKIN<br \/>\n11.00 13.00 classes<br \/>\n13.00 14.00 lunch<br \/>\n14.00 15.00 Women Technique \u00d6znur D\u00d6NMEZ<br \/>\n15.00 17.00 Day Milonga TDJ<\/p>\n<p>17.00 17.30 5 Tea<br \/>\n17.30 19.30 Classes<br \/>\n20.00 21.00 Dinner<br \/>\n21.00 00.00 Milonga TDJ Mati TURK<br \/>\n00.30 03.30 Bodrum To Bar\u2019s<\/p>\n<p>JUNE 13 Saturday<br \/>\n08.00 10.30 Breakfast<br \/>\n10.40 1050 warmup Ozge EKIN<br \/>\n11.00 13.00 classes<br \/>\n13.00 14.00 lunch<br \/>\n14.00 15.00 Women Technique \u00d6znur D\u00d6NMEZ<br \/>\n15.00 17.00 Day Milonga TDj ??<br \/>\n17.00 17.30 5 Tea<br \/>\n17.30 19.30 Classes<br \/>\n20.00 21.00 Dinner<br \/>\n21.00 00.30 Milonga TDJ<\/p>\n<p>JUNE 14 Sunday<br \/>\n08.00 09.00 Breakfast<br \/>\n09.00 10.00 check out to Bodrum<br \/>\n10.00 18.00 Boat Tour<br \/>\n11.00 13.00 Classes<br \/>\n20.00 00.00 Milonga TDJ<\/p>\n<p>THERE IS NO REFUND<\/p>\n<p>Single room \u20ac350<br \/>\nDouble room per head \u20ac300<br \/>\nextra day \u20ac70<br \/>\nBoat trip on sunday need registration and is 100TL.<\/p>\n<p>For more information and reservation:<\/p>\n<p>Very close to Bodrum Milas Airport shuttles Havas &amp; Muttas 4 euro 15 minutes<\/p>\n<p>Tel : +90 531 583 40 83<br \/>\n+90 535 876 50 50<br \/>\nE-Mail : metinyazir@gmail.com[\/vc_column_text]\t\t<\/div>\n\t<\/div>\n<\/div><\/div>[\/vc_column][\/vc_row]<\/p>\n","protected":false},"excerpt":{"rendered":"<p>[vc_row disable_background_image=&#8221;&#8221; enable_arrows_animation=&#8221;no&#8221; simple_background_image=&#8221;10694&#8243; parallax_background_image=&#8221;10694&#8243; parallax_responsive_background_image=&#8221;10694&#8243; parallax_bg_height=&#8221;500&#8243; simple_background_color=&#8221;#040000&#8243;][vc_column][\/vc_column][\/vc_row][vc_row row_content_width=&#8221;grid&#8221; enable_arrows_animation=&#8221;yes&#8221; arrows_skin=&#8221;green&#8221; arrows_horizontal_position=&#8221;left&#8221; arrows_vertical_position=&#8221;middle&#8221; reduce_arrows_animation=&#8221;1440&#8243; disable_arrows_animation=&#8221;1440&#8243; content_text_aligment=&#8221;center&#8221; css=&#8221;.vc_custom_1673347332376{margin-top: 70px !important;}&#8221;][vc_column][\/vc_column][\/vc_row][vc_row row_content_width=&#8221;grid&#8221; enable_arrows_animation=&#8221;yes&#8221; arrows_skin=&#8221;green&#8221; arrows_horizontal_position=&#8221;right&#8221; arrows_vertical_position=&#8221;middle&#8221; reduce_arrows_animation=&#8221;1280&#8243; disable_arrows_animation=&#8221;1280&#8243; content_text_aligment=&#8221;center&#8221; css=&#8221;.vc_custom_1673347280994{margin-bottom: 70px !important;}&#8221;][vc_column][\/vc_column][\/vc_row][vc_row gap=&#8221;15&#8243; enable_arrows_animation=&#8221;no&#8221;][vc_column][\/vc_column][\/vc_row]<\/p>\n","protected":false},"author":1,"featured_media":0,"parent":0,"menu_order":0,"comment_status":"closed","ping_status":"closed","template":"full-width.php","meta":{"footnotes":""},"class_list":["post-10555","page","type-page","status-publish","hentry"],"_links":{"self":[{"href":"https:\/\/bailatango.com\/en\/wp-json\/wp\/v2\/pages\/10555","targetHints":{"allow":["GET"]}}],"collection":[{"href":"https:\/\/bailatango.com\/en\/wp-json\/wp\/v2\/pages"}],"about":[{"href":"https:\/\/bailatango.com\/en\/wp-json\/wp\/v2\/types\/page"}],"author":[{"embeddable":true,"href":"https:\/\/bailatango.com\/en\/wp-json\/wp\/v2\/users\/1"}],"replies":[{"embeddable":true,"href":"https:\/\/bailatango.com\/en\/wp-json\/wp\/v2\/comments?post=10555"}],"version-history":[{"count":2,"href":"https:\/\/bailatango.com\/en\/wp-json\/wp\/v2\/pages\/10555\/revisions"}],"predecessor-version":[{"id":11010,"href":"https:\/\/bailatango.com\/en\/wp-json\/wp\/v2\/pages\/10555\/revisions\/11010"}],"wp:attachment":[{"href":"https:\/\/bailatango.com\/en\/wp-json\/wp\/v2\/media?parent=10555"}],"curies":[{"name":"wp","href":"https:\/\/api.w.org\/{rel}","templated":true}]}}