{"id":10961,"date":"2023-01-12T14:04:08","date_gmt":"2023-01-12T11:04:08","guid":{"rendered":"https:\/\/bailatango.com\/sosyal-sorumluuk-izmir\/"},"modified":"2023-03-04T10:17:43","modified_gmt":"2023-03-04T07:17:43","slug":"sosyal-sorumluuk-izmir","status":"publish","type":"page","link":"https:\/\/bailatango.com\/en\/sosyal-sorumluuk-izmir\/","title":{"rendered":"Sosyal Sorumluluk &#8211; (\u0130zmir)"},"content":{"rendered":"<p>[vc_row disable_background_image=&#8221;&#8221; enable_arrows_animation=&#8221;no&#8221; simple_background_image=&#8221;10690&#8243; parallax_background_image=&#8221;10690&#8243; parallax_responsive_background_image=&#8221;10690&#8243; parallax_bg_height=&#8221;500&#8243; simple_background_color=&#8221;#040000&#8243;][vc_column]<div class=\"eltdf-elements-holder eltdf-one-column eltdf-responsive-mode-768\" ><div class=\"eltdf-eh-item \"  data-item-class=\"eltdf-eh-custom-681457\">\n\t<div class=\"eltdf-eh-item-inner\">\n\t\t<div class=\"eltdf-eh-item-content eltdf-eh-custom-681457\" style=\"padding: 15% 48% 6.5% 17%\">\n\t\t\t[vc_column_text]<\/p>\n<h1><span style=\"color: #ffffff;\">\u0130zmir<\/span><\/h1>\n<p>[\/vc_column_text][vc_column_text]<\/p>\n<h1><span style=\"color: #ffffff;\">&#8230;<\/span><\/h1>\n<p>[\/vc_column_text]\t\t<\/div>\n\t<\/div>\n<\/div><\/div>[\/vc_column][\/vc_row][vc_row row_content_width=&#8221;grid&#8221; enable_arrows_animation=&#8221;yes&#8221; arrows_skin=&#8221;green&#8221; arrows_horizontal_position=&#8221;left&#8221; arrows_vertical_position=&#8221;middle&#8221; reduce_arrows_animation=&#8221;1440&#8243; disable_arrows_animation=&#8221;1440&#8243; content_text_aligment=&#8221;center&#8221; css=&#8221;.vc_custom_1673347332376{margin-top: 70px !important;}&#8221;][vc_column][\/vc_column][\/vc_row][vc_row enable_arrows_animation=&#8221;no&#8221; content_text_aligment=&#8221;center&#8221;][vc_column width=&#8221;1\/2&#8243;][vc_single_image image=&#8221;10659&#8243; img_size=&#8221;146&#215;200&#8243; alignment=&#8221;right&#8221;][\/vc_column][vc_column width=&#8221;1\/2&#8243;][vc_column_text]<\/p>\n<h1 style=\"text-align: left;\">Z\u0130VE\u00c7<\/h1>\n<h5 style=\"text-align: left;\">Zihinsel Yetersiz \u00c7ocuklar\u0131<br \/>\nYeti\u015ftirme ve Koruma Vakf\u0131<\/h5>\n<p>[\/vc_column_text][\/vc_column][\/vc_row][vc_row row_content_width=&#8221;grid&#8221; enable_arrows_animation=&#8221;yes&#8221; arrows_skin=&#8221;green&#8221; arrows_horizontal_position=&#8221;right&#8221; arrows_vertical_position=&#8221;middle&#8221; reduce_arrows_animation=&#8221;1280&#8243; disable_arrows_animation=&#8221;1280&#8243; content_text_aligment=&#8221;center&#8221; css=&#8221;.vc_custom_1673347280994{margin-bottom: 70px !important;}&#8221;][vc_column][\/vc_column][\/vc_row][vc_row enable_arrows_animation=&#8221;no&#8221;][vc_column width=&#8221;1\/6&#8243;][\/vc_column][vc_column width=&#8221;2\/3&#8243;]<div class=\"eltdf-image-gallery eltdf-ig-masonry-type \">\n\t<div class=\"eltdf-ig-inner eltdf-ig-masonry eltdf-ig-three-columns eltdf-ig-normal-space\">\n\t\t<div class=\"eltdf-ig-grid-sizer\"><\/div>\n\t\t<div class=\"eltdf-ig-grid-gutter\"><\/div>\n\t\t\t\t\t\t\t\t<div class=\"eltdf-ig-image \">\n\t\t\t\t<div class=\"eltdf-ig-image-inner\">\n\t\t\t\t\t\t\t\t\t\t\t<img loading=\"lazy\" decoding=\"async\" width=\"1024\" height=\"576\" src=\"https:\/\/bailatango.com\/wp-content\/uploads\/2023\/03\/izmir-1.jpg\" class=\"attachment- size-\" alt=\"\" srcset=\"https:\/\/bailatango.com\/wp-content\/uploads\/2023\/03\/izmir-1.jpg 1024w, https:\/\/bailatango.com\/wp-content\/uploads\/2023\/03\/izmir-1-768x432.jpg 768w\" sizes=\"auto, (max-width: 1024px) 100vw, 1024px\" \/>\t\t\t\t\t\t\t\t\t<\/div>\n\t\t\t<\/div>\n\t\t\t\t\t\t\t\t<div class=\"eltdf-ig-image \">\n\t\t\t\t<div class=\"eltdf-ig-image-inner\">\n\t\t\t\t\t\t\t\t\t\t\t<img loading=\"lazy\" decoding=\"async\" width=\"1024\" height=\"558\" src=\"https:\/\/bailatango.com\/wp-content\/uploads\/2023\/03\/izmir-2.jpg\" class=\"attachment- size-\" alt=\"\" srcset=\"https:\/\/bailatango.com\/wp-content\/uploads\/2023\/03\/izmir-2.jpg 1024w, https:\/\/bailatango.com\/wp-content\/uploads\/2023\/03\/izmir-2-768x419.jpg 768w\" sizes=\"auto, (max-width: 1024px) 100vw, 1024px\" \/>\t\t\t\t\t\t\t\t\t<\/div>\n\t\t\t<\/div>\n\t\t\t\t\t\t\t\t<div class=\"eltdf-ig-image \">\n\t\t\t\t<div class=\"eltdf-ig-image-inner\">\n\t\t\t\t\t\t\t\t\t\t\t<img loading=\"lazy\" decoding=\"async\" width=\"576\" height=\"1024\" src=\"https:\/\/bailatango.com\/wp-content\/uploads\/2023\/03\/izmir-4.jpg\" class=\"attachment- size-\" alt=\"\" \/>\t\t\t\t\t\t\t\t\t<\/div>\n\t\t\t<\/div>\n\t\t\t\t\t\t\t\t<div class=\"eltdf-ig-image \">\n\t\t\t\t<div class=\"eltdf-ig-image-inner\">\n\t\t\t\t\t\t\t\t\t\t\t<img loading=\"lazy\" decoding=\"async\" width=\"1024\" height=\"576\" src=\"https:\/\/bailatango.com\/wp-content\/uploads\/2023\/03\/izmir-3.jpg\" class=\"attachment- size-\" alt=\"\" srcset=\"https:\/\/bailatango.com\/wp-content\/uploads\/2023\/03\/izmir-3.jpg 1024w, https:\/\/bailatango.com\/wp-content\/uploads\/2023\/03\/izmir-3-768x432.jpg 768w\" sizes=\"auto, (max-width: 1024px) 100vw, 1024px\" \/>\t\t\t\t\t\t\t\t\t<\/div>\n\t\t\t<\/div>\n\t\t\t\t\t\t\t\t<div class=\"eltdf-ig-image \">\n\t\t\t\t<div class=\"eltdf-ig-image-inner\">\n\t\t\t\t\t\t\t\t\t\t\t<img loading=\"lazy\" decoding=\"async\" width=\"576\" height=\"1024\" src=\"https:\/\/bailatango.com\/wp-content\/uploads\/2023\/03\/izmir-6.jpg\" class=\"attachment- size-\" alt=\"\" \/>\t\t\t\t\t\t\t\t\t<\/div>\n\t\t\t<\/div>\n\t\t\t\t\t\t\t\t<div class=\"eltdf-ig-image \">\n\t\t\t\t<div class=\"eltdf-ig-image-inner\">\n\t\t\t\t\t\t\t\t\t\t\t<img loading=\"lazy\" decoding=\"async\" width=\"1024\" height=\"593\" src=\"https:\/\/bailatango.com\/wp-content\/uploads\/2023\/03\/izmir-5.jpg\" class=\"attachment- size-\" alt=\"\" srcset=\"https:\/\/bailatango.com\/wp-content\/uploads\/2023\/03\/izmir-5.jpg 1024w, https:\/\/bailatango.com\/wp-content\/uploads\/2023\/03\/izmir-5-768x445.jpg 768w\" sizes=\"auto, (max-width: 1024px) 100vw, 1024px\" \/>\t\t\t\t\t\t\t\t\t<\/div>\n\t\t\t<\/div>\n\t\t\t<\/div>\n<\/div>[\/vc_column][vc_column width=&#8221;1\/6&#8243;][\/vc_column][\/vc_row][vc_row row_content_width=&#8221;grid&#8221; enable_arrows_animation=&#8221;yes&#8221; arrows_skin=&#8221;green&#8221; arrows_horizontal_position=&#8221;left&#8221; arrows_vertical_position=&#8221;middle&#8221; reduce_arrows_animation=&#8221;1440&#8243; disable_arrows_animation=&#8221;1440&#8243; content_text_aligment=&#8221;center&#8221; css=&#8221;.vc_custom_1673347332376{margin-top: 70px !important;}&#8221;][vc_column][\/vc_column][\/vc_row][vc_row enable_arrows_animation=&#8221;no&#8221; content_text_aligment=&#8221;center&#8221;][vc_column width=&#8221;1\/2&#8243;][vc_single_image image=&#8221;10674&#8243; img_size=&#8221;medium&#8221; alignment=&#8221;right&#8221;][\/vc_column][vc_column width=&#8221;1\/2&#8243;][vc_column_text]<\/p>\n<h1 style=\"text-align: left;\">ODER<\/h1>\n<h5 style=\"text-align: left;\">Otistik \u00c7ocuklar\u0131<br \/>\nKoruma ve y\u00f6nlendirme Derne\u011fi<\/h5>\n<p>[\/vc_column_text][\/vc_column][\/vc_row][vc_row row_content_width=&#8221;grid&#8221; enable_arrows_animation=&#8221;yes&#8221; arrows_skin=&#8221;green&#8221; arrows_horizontal_position=&#8221;right&#8221; arrows_vertical_position=&#8221;middle&#8221; reduce_arrows_animation=&#8221;1280&#8243; disable_arrows_animation=&#8221;1280&#8243; content_text_aligment=&#8221;center&#8221; css=&#8221;.vc_custom_1673347280994{margin-bottom: 70px !important;}&#8221;][vc_column][\/vc_column][\/vc_row][vc_row enable_arrows_animation=&#8221;no&#8221;][vc_column width=&#8221;1\/6&#8243;][\/vc_column][vc_column width=&#8221;2\/3&#8243;]<div class=\"eltdf-image-gallery eltdf-ig-masonry-type \">\n\t<div class=\"eltdf-ig-inner eltdf-ig-masonry eltdf-ig-three-columns eltdf-ig-normal-space\">\n\t\t<div class=\"eltdf-ig-grid-sizer\"><\/div>\n\t\t<div class=\"eltdf-ig-grid-gutter\"><\/div>\n\t\t\t\t\t\t\t\t<div class=\"eltdf-ig-image \">\n\t\t\t\t<div class=\"eltdf-ig-image-inner\">\n\t\t\t\t\t\t\t\t\t\t\t<img loading=\"lazy\" decoding=\"async\" width=\"960\" height=\"540\" src=\"https:\/\/bailatango.com\/wp-content\/uploads\/2023\/03\/izmir-order-1.jpeg\" class=\"attachment- size-\" alt=\"\" srcset=\"https:\/\/bailatango.com\/wp-content\/uploads\/2023\/03\/izmir-order-1.jpeg 960w, https:\/\/bailatango.com\/wp-content\/uploads\/2023\/03\/izmir-order-1-768x432.jpeg 768w\" sizes=\"auto, (max-width: 960px) 100vw, 960px\" \/>\t\t\t\t\t\t\t\t\t<\/div>\n\t\t\t<\/div>\n\t\t\t\t\t\t\t\t<div class=\"eltdf-ig-image \">\n\t\t\t\t<div class=\"eltdf-ig-image-inner\">\n\t\t\t\t\t\t\t\t\t\t\t<img loading=\"lazy\" decoding=\"async\" width=\"960\" height=\"540\" src=\"https:\/\/bailatango.com\/wp-content\/uploads\/2023\/03\/izmir-order-2.jpeg\" class=\"attachment- size-\" alt=\"\" srcset=\"https:\/\/bailatango.com\/wp-content\/uploads\/2023\/03\/izmir-order-2.jpeg 960w, https:\/\/bailatango.com\/wp-content\/uploads\/2023\/03\/izmir-order-2-768x432.jpeg 768w\" sizes=\"auto, (max-width: 960px) 100vw, 960px\" \/>\t\t\t\t\t\t\t\t\t<\/div>\n\t\t\t<\/div>\n\t\t\t\t\t\t\t\t<div class=\"eltdf-ig-image \">\n\t\t\t\t<div class=\"eltdf-ig-image-inner\">\n\t\t\t\t\t\t\t\t\t\t\t<img loading=\"lazy\" decoding=\"async\" width=\"1024\" height=\"768\" src=\"https:\/\/bailatango.com\/wp-content\/uploads\/2023\/03\/izmir-order-3.jpeg\" class=\"attachment- size-\" alt=\"\" srcset=\"https:\/\/bailatango.com\/wp-content\/uploads\/2023\/03\/izmir-order-3.jpeg 1024w, https:\/\/bailatango.com\/wp-content\/uploads\/2023\/03\/izmir-order-3-768x576.jpeg 768w\" sizes=\"auto, (max-width: 1024px) 100vw, 1024px\" \/>\t\t\t\t\t\t\t\t\t<\/div>\n\t\t\t<\/div>\n\t\t\t\t\t\t\t\t<div class=\"eltdf-ig-image \">\n\t\t\t\t<div class=\"eltdf-ig-image-inner\">\n\t\t\t\t\t\t\t\t\t\t\t<img loading=\"lazy\" decoding=\"async\" width=\"688\" height=\"652\" src=\"https:\/\/bailatango.com\/wp-content\/uploads\/2023\/03\/izmir-order-4.jpeg\" class=\"attachment- size-\" alt=\"\" \/>\t\t\t\t\t\t\t\t\t<\/div>\n\t\t\t<\/div>\n\t\t\t\t\t\t\t\t<div class=\"eltdf-ig-image \">\n\t\t\t\t<div class=\"eltdf-ig-image-inner\">\n\t\t\t\t\t\t\t\t\t\t\t<img loading=\"lazy\" decoding=\"async\" width=\"960\" height=\"580\" src=\"https:\/\/bailatango.com\/wp-content\/uploads\/2023\/03\/izmir-order-5.jpeg\" class=\"attachment- size-\" alt=\"\" srcset=\"https:\/\/bailatango.com\/wp-content\/uploads\/2023\/03\/izmir-order-5.jpeg 960w, https:\/\/bailatango.com\/wp-content\/uploads\/2023\/03\/izmir-order-5-768x464.jpeg 768w\" sizes=\"auto, (max-width: 960px) 100vw, 960px\" \/>\t\t\t\t\t\t\t\t\t<\/div>\n\t\t\t<\/div>\n\t\t\t\t\t\t\t\t<div class=\"eltdf-ig-image \">\n\t\t\t\t<div class=\"eltdf-ig-image-inner\">\n\t\t\t\t\t\t\t\t\t\t\t<img loading=\"lazy\" decoding=\"async\" width=\"960\" height=\"540\" src=\"https:\/\/bailatango.com\/wp-content\/uploads\/2023\/03\/izmir-order-6.jpeg\" class=\"attachment- size-\" alt=\"\" srcset=\"https:\/\/bailatango.com\/wp-content\/uploads\/2023\/03\/izmir-order-6.jpeg 960w, https:\/\/bailatango.com\/wp-content\/uploads\/2023\/03\/izmir-order-6-768x432.jpeg 768w\" sizes=\"auto, (max-width: 960px) 100vw, 960px\" \/>\t\t\t\t\t\t\t\t\t<\/div>\n\t\t\t<\/div>\n\t\t\t\t\t\t\t\t<div class=\"eltdf-ig-image \">\n\t\t\t\t<div class=\"eltdf-ig-image-inner\">\n\t\t\t\t\t\t\t\t\t\t\t<img loading=\"lazy\" decoding=\"async\" width=\"1024\" height=\"529\" src=\"https:\/\/bailatango.com\/wp-content\/uploads\/2023\/03\/izmir-order-7.jpeg\" class=\"attachment- size-\" alt=\"\" srcset=\"https:\/\/bailatango.com\/wp-content\/uploads\/2023\/03\/izmir-order-7.jpeg 1024w, https:\/\/bailatango.com\/wp-content\/uploads\/2023\/03\/izmir-order-7-768x397.jpeg 768w\" sizes=\"auto, (max-width: 1024px) 100vw, 1024px\" \/>\t\t\t\t\t\t\t\t\t<\/div>\n\t\t\t<\/div>\n\t\t\t<\/div>\n<\/div>[\/vc_column][vc_column width=&#8221;1\/6&#8243;][\/vc_column][\/vc_row]<\/p>\n","protected":false},"excerpt":{"rendered":"<p>[vc_row disable_background_image=&#8221;&#8221; enable_arrows_animation=&#8221;no&#8221; simple_background_image=&#8221;10690&#8243; parallax_background_image=&#8221;10690&#8243; parallax_responsive_background_image=&#8221;10690&#8243; parallax_bg_height=&#8221;500&#8243; simple_background_color=&#8221;#040000&#8243;][vc_column][\/vc_column][\/vc_row][vc_row row_content_width=&#8221;grid&#8221; enable_arrows_animation=&#8221;yes&#8221; arrows_skin=&#8221;green&#8221; arrows_horizontal_position=&#8221;left&#8221; arrows_vertical_position=&#8221;middle&#8221; reduce_arrows_animation=&#8221;1440&#8243; disable_arrows_animation=&#8221;1440&#8243; content_text_aligment=&#8221;center&#8221; css=&#8221;.vc_custom_1673347332376{margin-top: 70px !important;}&#8221;][vc_column][\/vc_column][\/vc_row][vc_row enable_arrows_animation=&#8221;no&#8221; content_text_aligment=&#8221;center&#8221;][vc_column width=&#8221;1\/2&#8243;][vc_single_image image=&#8221;10659&#8243; img_size=&#8221;146&#215;200&#8243; alignment=&#8221;right&#8221;][\/vc_column][vc_column width=&#8221;1\/2&#8243;][vc_column_text] Z\u0130VE\u00c7 Zihinsel Yetersiz \u00c7ocuklar\u0131 Yeti\u015ftirme ve Koruma Vakf\u0131 [\/vc_column_text][\/vc_column][\/vc_row][vc_row row_content_width=&#8221;grid&#8221; enable_arrows_animation=&#8221;yes&#8221; arrows_skin=&#8221;green&#8221; arrows_horizontal_position=&#8221;right&#8221; arrows_vertical_position=&#8221;middle&#8221; reduce_arrows_animation=&#8221;1280&#8243; disable_arrows_animation=&#8221;1280&#8243; content_text_aligment=&#8221;center&#8221; css=&#8221;.vc_custom_1673347280994{margin-bottom: 70px !important;}&#8221;][vc_column][\/vc_column][\/vc_row][vc_row enable_arrows_animation=&#8221;no&#8221;][vc_column width=&#8221;1\/6&#8243;][\/vc_column][vc_column width=&#8221;2\/3&#8243;][\/vc_column][vc_column width=&#8221;1\/6&#8243;][\/vc_column][\/vc_row][vc_row row_content_width=&#8221;grid&#8221; enable_arrows_animation=&#8221;yes&#8221; arrows_skin=&#8221;green&#8221; arrows_horizontal_position=&#8221;left&#8221; arrows_vertical_position=&#8221;middle&#8221; reduce_arrows_animation=&#8221;1440&#8243; disable_arrows_animation=&#8221;1440&#8243; content_text_aligment=&#8221;center&#8221; css=&#8221;.vc_custom_1673347332376{margin-top: 70px !important;}&#8221;][vc_column][\/vc_column][\/vc_row][vc_row enable_arrows_animation=&#8221;no&#8221; content_text_aligment=&#8221;center&#8221;][vc_column width=&#8221;1\/2&#8243;][vc_single_image image=&#8221;10674&#8243; img_size=&#8221;medium&#8221; alignment=&#8221;right&#8221;][\/vc_column][vc_column width=&#8221;1\/2&#8243;][vc_column_text] ODER Otistik \u00c7ocuklar\u0131 Koruma ve y\u00f6nlendirme Derne\u011fi [\/vc_column_text][\/vc_column][\/vc_row][vc_row row_content_width=&#8221;grid&#8221; enable_arrows_animation=&#8221;yes&#8221; arrows_skin=&#8221;green&#8221; arrows_horizontal_position=&#8221;right&#8221; arrows_vertical_position=&#8221;middle&#8221; reduce_arrows_animation=&#8221;1280&#8243; disable_arrows_animation=&#8221;1280&#8243; content_text_aligment=&#8221;center&#8221; css=&#8221;.vc_custom_1673347280994{margin-bottom: 70px !important;}&#8221;][vc_column][\/vc_column][\/vc_row][vc_row [&hellip;]<\/p>\n","protected":false},"author":1,"featured_media":0,"parent":0,"menu_order":0,"comment_status":"closed","ping_status":"closed","template":"full-width.php","meta":{"footnotes":""},"class_list":["post-10961","page","type-page","status-publish","hentry"],"_links":{"self":[{"href":"https:\/\/bailatango.com\/en\/wp-json\/wp\/v2\/pages\/10961","targetHints":{"allow":["GET"]}}],"collection":[{"href":"https:\/\/bailatango.com\/en\/wp-json\/wp\/v2\/pages"}],"about":[{"href":"https:\/\/bailatango.com\/en\/wp-json\/wp\/v2\/types\/page"}],"author":[{"embeddable":true,"href":"https:\/\/bailatango.com\/en\/wp-json\/wp\/v2\/users\/1"}],"replies":[{"embeddable":true,"href":"https:\/\/bailatango.com\/en\/wp-json\/wp\/v2\/comments?post=10961"}],"version-history":[{"count":1,"href":"https:\/\/bailatango.com\/en\/wp-json\/wp\/v2\/pages\/10961\/revisions"}],"predecessor-version":[{"id":10986,"href":"https:\/\/bailatango.com\/en\/wp-json\/wp\/v2\/pages\/10961\/revisions\/10986"}],"wp:attachment":[{"href":"https:\/\/bailatango.com\/en\/wp-json\/wp\/v2\/media?parent=10961"}],"curies":[{"name":"wp","href":"https:\/\/api.w.org\/{rel}","templated":true}]}}