{"id":10964,"date":"2023-03-03T17:41:07","date_gmt":"2023-03-03T14:41:07","guid":{"rendered":"https:\/\/bailatango.com\/sosyal-sorumluluk-yozgat\/"},"modified":"2023-03-04T10:19:07","modified_gmt":"2023-03-04T07:19:07","slug":"sosyal-sorumluluk-yozgat","status":"publish","type":"page","link":"https:\/\/bailatango.com\/en\/sosyal-sorumluluk-yozgat\/","title":{"rendered":"Sosyal Sorumluluk &#8211; (Yozgat)"},"content":{"rendered":"<p>[vc_row disable_background_image=&#8221;&#8221; enable_arrows_animation=&#8221;no&#8221; simple_background_image=&#8221;10690&#8243; parallax_background_image=&#8221;10690&#8243; parallax_responsive_background_image=&#8221;10690&#8243; parallax_bg_height=&#8221;500&#8243; simple_background_color=&#8221;#040000&#8243;][vc_column]<div class=\"eltdf-elements-holder eltdf-one-column eltdf-responsive-mode-768\" ><div class=\"eltdf-eh-item \"  data-item-class=\"eltdf-eh-custom-278019\">\n\t<div class=\"eltdf-eh-item-inner\">\n\t\t<div class=\"eltdf-eh-item-content eltdf-eh-custom-278019\" style=\"padding: 15% 48% 6.5% 17%\">\n\t\t\t[vc_column_text]<\/p>\n<h1><span style=\"color: #ffffff;\">Yozgat<\/span><\/h1>\n<p>[\/vc_column_text][vc_column_text]<\/p>\n<h1><span style=\"color: #ffffff;\">&#8230;<\/span><\/h1>\n<p>[\/vc_column_text]\t\t<\/div>\n\t<\/div>\n<\/div><\/div>[\/vc_column][\/vc_row][vc_row row_content_width=&#8221;grid&#8221; enable_arrows_animation=&#8221;yes&#8221; arrows_skin=&#8221;green&#8221; arrows_horizontal_position=&#8221;left&#8221; arrows_vertical_position=&#8221;middle&#8221; reduce_arrows_animation=&#8221;1440&#8243; disable_arrows_animation=&#8221;1440&#8243; content_text_aligment=&#8221;center&#8221; css=&#8221;.vc_custom_1673347332376{margin-top: 70px !important;}&#8221;][vc_column][\/vc_column][\/vc_row][vc_row enable_arrows_animation=&#8221;no&#8221; content_text_aligment=&#8221;center&#8221;][vc_column width=&#8221;1\/2&#8243;][vc_single_image image=&#8221;10659&#8243; img_size=&#8221;146&#215;200&#8243; alignment=&#8221;right&#8221;][\/vc_column][vc_column width=&#8221;1\/2&#8243;][vc_column_text]<\/p>\n<h1 style=\"text-align: left;\">Z\u0130VE\u00c7<\/h1>\n<h5 style=\"text-align: left;\">Zihinsel Yetersiz \u00c7ocuklar\u0131<br \/>\nYeti\u015ftirme ve Koruma Vakf\u0131<\/h5>\n<p>[\/vc_column_text][\/vc_column][\/vc_row][vc_row row_content_width=&#8221;grid&#8221; enable_arrows_animation=&#8221;yes&#8221; arrows_skin=&#8221;green&#8221; arrows_horizontal_position=&#8221;right&#8221; arrows_vertical_position=&#8221;middle&#8221; reduce_arrows_animation=&#8221;1280&#8243; disable_arrows_animation=&#8221;1280&#8243; content_text_aligment=&#8221;center&#8221; css=&#8221;.vc_custom_1673347280994{margin-bottom: 70px !important;}&#8221;][vc_column][\/vc_column][\/vc_row][vc_row enable_arrows_animation=&#8221;no&#8221;][vc_column width=&#8221;1\/6&#8243;][\/vc_column][vc_column width=&#8221;2\/3&#8243;]<div class=\"eltdf-image-gallery eltdf-ig-masonry-type \">\n\t<div class=\"eltdf-ig-inner eltdf-ig-masonry eltdf-ig-three-columns eltdf-ig-normal-space\">\n\t\t<div class=\"eltdf-ig-grid-sizer\"><\/div>\n\t\t<div class=\"eltdf-ig-grid-gutter\"><\/div>\n\t\t\t\t\t\t\t\t<div class=\"eltdf-ig-image \">\n\t\t\t\t<div class=\"eltdf-ig-image-inner\">\n\t\t\t\t\t\t\t\t\t\t\t<img loading=\"lazy\" decoding=\"async\" width=\"1024\" height=\"606\" src=\"https:\/\/bailatango.com\/wp-content\/uploads\/2023\/03\/zivec-Yozgat-1.jpg\" class=\"attachment- size-\" alt=\"\" srcset=\"https:\/\/bailatango.com\/wp-content\/uploads\/2023\/03\/zivec-Yozgat-1.jpg 1024w, https:\/\/bailatango.com\/wp-content\/uploads\/2023\/03\/zivec-Yozgat-1-768x455.jpg 768w\" sizes=\"auto, (max-width: 1024px) 100vw, 1024px\" \/>\t\t\t\t\t\t\t\t\t<\/div>\n\t\t\t<\/div>\n\t\t\t\t\t\t\t\t<div class=\"eltdf-ig-image \">\n\t\t\t\t<div class=\"eltdf-ig-image-inner\">\n\t\t\t\t\t\t\t\t\t\t\t<img loading=\"lazy\" decoding=\"async\" width=\"939\" height=\"1024\" src=\"https:\/\/bailatango.com\/wp-content\/uploads\/2023\/03\/zivec-Yozgat-2.jpg\" class=\"attachment- size-\" alt=\"\" srcset=\"https:\/\/bailatango.com\/wp-content\/uploads\/2023\/03\/zivec-Yozgat-2.jpg 939w, https:\/\/bailatango.com\/wp-content\/uploads\/2023\/03\/zivec-Yozgat-2-768x838.jpg 768w\" sizes=\"auto, (max-width: 939px) 100vw, 939px\" \/>\t\t\t\t\t\t\t\t\t<\/div>\n\t\t\t<\/div>\n\t\t\t\t\t\t\t\t<div class=\"eltdf-ig-image \">\n\t\t\t\t<div class=\"eltdf-ig-image-inner\">\n\t\t\t\t\t\t\t\t\t\t\t<img loading=\"lazy\" decoding=\"async\" width=\"1024\" height=\"585\" src=\"https:\/\/bailatango.com\/wp-content\/uploads\/2023\/03\/zivec-Yozgat-3.jpg\" class=\"attachment- size-\" alt=\"\" srcset=\"https:\/\/bailatango.com\/wp-content\/uploads\/2023\/03\/zivec-Yozgat-3.jpg 1024w, https:\/\/bailatango.com\/wp-content\/uploads\/2023\/03\/zivec-Yozgat-3-768x439.jpg 768w\" sizes=\"auto, (max-width: 1024px) 100vw, 1024px\" \/>\t\t\t\t\t\t\t\t\t<\/div>\n\t\t\t<\/div>\n\t\t\t\t\t\t\t\t<div class=\"eltdf-ig-image \">\n\t\t\t\t<div class=\"eltdf-ig-image-inner\">\n\t\t\t\t\t\t\t\t\t\t\t<img loading=\"lazy\" decoding=\"async\" width=\"1024\" height=\"576\" src=\"https:\/\/bailatango.com\/wp-content\/uploads\/2023\/03\/zivec-Yozgat-4.jpg\" class=\"attachment- size-\" alt=\"\" srcset=\"https:\/\/bailatango.com\/wp-content\/uploads\/2023\/03\/zivec-Yozgat-4.jpg 1024w, https:\/\/bailatango.com\/wp-content\/uploads\/2023\/03\/zivec-Yozgat-4-768x432.jpg 768w\" sizes=\"auto, (max-width: 1024px) 100vw, 1024px\" \/>\t\t\t\t\t\t\t\t\t<\/div>\n\t\t\t<\/div>\n\t\t\t\t\t\t\t\t<div class=\"eltdf-ig-image \">\n\t\t\t\t<div class=\"eltdf-ig-image-inner\">\n\t\t\t\t\t\t\t\t\t\t\t<img loading=\"lazy\" decoding=\"async\" width=\"1024\" height=\"826\" src=\"https:\/\/bailatango.com\/wp-content\/uploads\/2023\/03\/zivec-Yozgat-5.jpg\" class=\"attachment- size-\" alt=\"\" srcset=\"https:\/\/bailatango.com\/wp-content\/uploads\/2023\/03\/zivec-Yozgat-5.jpg 1024w, https:\/\/bailatango.com\/wp-content\/uploads\/2023\/03\/zivec-Yozgat-5-768x620.jpg 768w\" sizes=\"auto, (max-width: 1024px) 100vw, 1024px\" \/>\t\t\t\t\t\t\t\t\t<\/div>\n\t\t\t<\/div>\n\t\t\t\t\t\t\t\t<div class=\"eltdf-ig-image \">\n\t\t\t\t<div class=\"eltdf-ig-image-inner\">\n\t\t\t\t\t\t\t\t\t\t\t<img loading=\"lazy\" decoding=\"async\" width=\"1024\" height=\"516\" src=\"https:\/\/bailatango.com\/wp-content\/uploads\/2023\/03\/zivec-Yozgat-6.jpg\" class=\"attachment- size-\" alt=\"\" srcset=\"https:\/\/bailatango.com\/wp-content\/uploads\/2023\/03\/zivec-Yozgat-6.jpg 1024w, https:\/\/bailatango.com\/wp-content\/uploads\/2023\/03\/zivec-Yozgat-6-768x387.jpg 768w\" sizes=\"auto, (max-width: 1024px) 100vw, 1024px\" \/>\t\t\t\t\t\t\t\t\t<\/div>\n\t\t\t<\/div>\n\t\t\t\t\t\t\t\t<div class=\"eltdf-ig-image \">\n\t\t\t\t<div class=\"eltdf-ig-image-inner\">\n\t\t\t\t\t\t\t\t\t\t\t<img loading=\"lazy\" decoding=\"async\" width=\"1024\" height=\"325\" src=\"https:\/\/bailatango.com\/wp-content\/uploads\/2023\/03\/zivec-Yozgat-7.jpg\" class=\"attachment- size-\" alt=\"\" srcset=\"https:\/\/bailatango.com\/wp-content\/uploads\/2023\/03\/zivec-Yozgat-7.jpg 1024w, https:\/\/bailatango.com\/wp-content\/uploads\/2023\/03\/zivec-Yozgat-7-768x244.jpg 768w\" sizes=\"auto, (max-width: 1024px) 100vw, 1024px\" \/>\t\t\t\t\t\t\t\t\t<\/div>\n\t\t\t<\/div>\n\t\t\t\t\t\t\t\t<div class=\"eltdf-ig-image \">\n\t\t\t\t<div class=\"eltdf-ig-image-inner\">\n\t\t\t\t\t\t\t\t\t\t\t<img loading=\"lazy\" decoding=\"async\" width=\"931\" height=\"1024\" src=\"https:\/\/bailatango.com\/wp-content\/uploads\/2023\/03\/zivec-Yozgat-8.jpg\" class=\"attachment- size-\" alt=\"\" srcset=\"https:\/\/bailatango.com\/wp-content\/uploads\/2023\/03\/zivec-Yozgat-8.jpg 931w, https:\/\/bailatango.com\/wp-content\/uploads\/2023\/03\/zivec-Yozgat-8-768x845.jpg 768w\" sizes=\"auto, (max-width: 931px) 100vw, 931px\" \/>\t\t\t\t\t\t\t\t\t<\/div>\n\t\t\t<\/div>\n\t\t\t<\/div>\n<\/div>[\/vc_column][vc_column width=&#8221;1\/6&#8243;][\/vc_column][\/vc_row]<\/p>\n","protected":false},"excerpt":{"rendered":"<p>[vc_row disable_background_image=&#8221;&#8221; enable_arrows_animation=&#8221;no&#8221; simple_background_image=&#8221;10690&#8243; parallax_background_image=&#8221;10690&#8243; parallax_responsive_background_image=&#8221;10690&#8243; parallax_bg_height=&#8221;500&#8243; simple_background_color=&#8221;#040000&#8243;][vc_column][\/vc_column][\/vc_row][vc_row row_content_width=&#8221;grid&#8221; enable_arrows_animation=&#8221;yes&#8221; arrows_skin=&#8221;green&#8221; arrows_horizontal_position=&#8221;left&#8221; arrows_vertical_position=&#8221;middle&#8221; reduce_arrows_animation=&#8221;1440&#8243; disable_arrows_animation=&#8221;1440&#8243; content_text_aligment=&#8221;center&#8221; css=&#8221;.vc_custom_1673347332376{margin-top: 70px !important;}&#8221;][vc_column][\/vc_column][\/vc_row][vc_row enable_arrows_animation=&#8221;no&#8221; content_text_aligment=&#8221;center&#8221;][vc_column width=&#8221;1\/2&#8243;][vc_single_image image=&#8221;10659&#8243; img_size=&#8221;146&#215;200&#8243; alignment=&#8221;right&#8221;][\/vc_column][vc_column width=&#8221;1\/2&#8243;][vc_column_text] Z\u0130VE\u00c7 Zihinsel Yetersiz \u00c7ocuklar\u0131 Yeti\u015ftirme ve Koruma Vakf\u0131 [\/vc_column_text][\/vc_column][\/vc_row][vc_row row_content_width=&#8221;grid&#8221; enable_arrows_animation=&#8221;yes&#8221; arrows_skin=&#8221;green&#8221; arrows_horizontal_position=&#8221;right&#8221; arrows_vertical_position=&#8221;middle&#8221; reduce_arrows_animation=&#8221;1280&#8243; disable_arrows_animation=&#8221;1280&#8243; content_text_aligment=&#8221;center&#8221; css=&#8221;.vc_custom_1673347280994{margin-bottom: 70px !important;}&#8221;][vc_column][\/vc_column][\/vc_row][vc_row enable_arrows_animation=&#8221;no&#8221;][vc_column width=&#8221;1\/6&#8243;][\/vc_column][vc_column width=&#8221;2\/3&#8243;][\/vc_column][vc_column width=&#8221;1\/6&#8243;][\/vc_column][\/vc_row]<\/p>\n","protected":false},"author":1,"featured_media":0,"parent":0,"menu_order":0,"comment_status":"closed","ping_status":"closed","template":"full-width.php","meta":{"footnotes":""},"class_list":["post-10964","page","type-page","status-publish","hentry"],"_links":{"self":[{"href":"https:\/\/bailatango.com\/en\/wp-json\/wp\/v2\/pages\/10964","targetHints":{"allow":["GET"]}}],"collection":[{"href":"https:\/\/bailatango.com\/en\/wp-json\/wp\/v2\/pages"}],"about":[{"href":"https:\/\/bailatango.com\/en\/wp-json\/wp\/v2\/types\/page"}],"author":[{"embeddable":true,"href":"https:\/\/bailatango.com\/en\/wp-json\/wp\/v2\/users\/1"}],"replies":[{"embeddable":true,"href":"https:\/\/bailatango.com\/en\/wp-json\/wp\/v2\/comments?post=10964"}],"version-history":[{"count":1,"href":"https:\/\/bailatango.com\/en\/wp-json\/wp\/v2\/pages\/10964\/revisions"}],"predecessor-version":[{"id":10990,"href":"https:\/\/bailatango.com\/en\/wp-json\/wp\/v2\/pages\/10964\/revisions\/10990"}],"wp:attachment":[{"href":"https:\/\/bailatango.com\/en\/wp-json\/wp\/v2\/media?parent=10964"}],"curies":[{"name":"wp","href":"https:\/\/api.w.org\/{rel}","templated":true}]}}