{"id":11210,"date":"2023-04-27T11:05:41","date_gmt":"2023-04-27T08:05:41","guid":{"rendered":"https:\/\/bailatango.com\/sosyal-sorumluluk-bosnaherzegovina-ljubuski\/"},"modified":"2023-04-27T11:05:41","modified_gmt":"2023-04-27T08:05:41","slug":"sosyal-sorumluluk-bosnaherzegovina-ljubuski","status":"publish","type":"page","link":"https:\/\/bailatango.com\/en\/sosyal-sorumluluk-bosnaherzegovina-ljubuski\/","title":{"rendered":"Sosyal Sorumluluk &#8211; (Bosna&#038;Herzegovina &#8211; Ljubuski)"},"content":{"rendered":"<p>[vc_row disable_background_image=&#8221;&#8221; enable_arrows_animation=&#8221;no&#8221; simple_background_image=&#8221;10690&#8243; parallax_background_image=&#8221;10690&#8243; parallax_responsive_background_image=&#8221;10690&#8243; parallax_bg_height=&#8221;500&#8243; simple_background_color=&#8221;#040000&#8243;][vc_column]<div class=\"eltdf-elements-holder eltdf-one-column eltdf-responsive-mode-768\" ><div class=\"eltdf-eh-item \"  data-item-class=\"eltdf-eh-custom-470093\">\n\t<div class=\"eltdf-eh-item-inner\">\n\t\t<div class=\"eltdf-eh-item-content eltdf-eh-custom-470093\" style=\"padding: 15% 48% 6.5% 17%\">\n\t\t\t[vc_column_text]<\/p>\n<h1><span style=\"color: #ffffff;\">Ljubuski<\/span><\/h1>\n<p>[\/vc_column_text][vc_column_text]<\/p>\n<h1><span style=\"color: #ffffff;\">&#8230;<\/span><\/h1>\n<p>[\/vc_column_text]\t\t<\/div>\n\t<\/div>\n<\/div><\/div>[\/vc_column][\/vc_row][vc_row row_content_width=&#8221;grid&#8221; enable_arrows_animation=&#8221;yes&#8221; arrows_skin=&#8221;green&#8221; arrows_horizontal_position=&#8221;left&#8221; arrows_vertical_position=&#8221;middle&#8221; reduce_arrows_animation=&#8221;1440&#8243; disable_arrows_animation=&#8221;1440&#8243; content_text_aligment=&#8221;center&#8221; css=&#8221;.vc_custom_1673347332376{margin-top: 70px !important;}&#8221;][vc_column][\/vc_column][\/vc_row][vc_row enable_arrows_animation=&#8221;no&#8221; content_text_aligment=&#8221;center&#8221;][vc_column width=&#8221;1\/2&#8243; offset=&#8221;vc_hidden-lg vc_hidden-md vc_hidden-sm vc_hidden-xs&#8221;][vc_single_image image=&#8221;10659&#8243; img_size=&#8221;146&#215;200&#8243; alignment=&#8221;right&#8221;][\/vc_column][vc_column width=&#8221;1\/2&#8243; offset=&#8221;vc_hidden-lg vc_hidden-md vc_hidden-sm vc_hidden-xs&#8221;][vc_column_text]<\/p>\n<h1 style=\"text-align: left;\">Z\u0130VE\u00c7<\/h1>\n<h5 style=\"text-align: left;\">Zihinsel Yetersiz \u00c7ocuklar\u0131<br \/>\nYeti\u015ftirme ve Koruma Vakf\u0131<\/h5>\n<p>[\/vc_column_text][\/vc_column][\/vc_row][vc_row row_content_width=&#8221;grid&#8221; enable_arrows_animation=&#8221;yes&#8221; arrows_skin=&#8221;green&#8221; arrows_horizontal_position=&#8221;right&#8221; arrows_vertical_position=&#8221;middle&#8221; reduce_arrows_animation=&#8221;1280&#8243; disable_arrows_animation=&#8221;1280&#8243; content_text_aligment=&#8221;center&#8221; css=&#8221;.vc_custom_1673347280994{margin-bottom: 70px !important;}&#8221;][vc_column][\/vc_column][\/vc_row][vc_row enable_arrows_animation=&#8221;no&#8221;][vc_column width=&#8221;1\/6&#8243;][\/vc_column][vc_column width=&#8221;2\/3&#8243;]<div class=\"eltdf-image-gallery eltdf-ig-masonry-type eltdf-image-behavior-lightbox\">\n\t<div class=\"eltdf-ig-inner eltdf-ig-masonry eltdf-ig-three-columns eltdf-ig-normal-space\">\n\t\t<div class=\"eltdf-ig-grid-sizer\"><\/div>\n\t\t<div class=\"eltdf-ig-grid-gutter\"><\/div>\n\t\t\t\t\t\t\t\t<div class=\"eltdf-ig-image \">\n\t\t\t\t<div class=\"eltdf-ig-image-inner\">\n\t\t\t\t\t\t\t\t\t\t\t<a itemprop=\"image\" class=\"eltdf-ig-lightbox\" href=\"https:\/\/bailatango.com\/wp-content\/uploads\/2023\/04\/Ljubuski-1.jpeg\" data-rel=\"prettyPhoto[image_gallery_pretty_photo-753]\" title=\"Ljubuski-1\">\n\t\t\t\t\t\t\t\t\t\t\t<img loading=\"lazy\" decoding=\"async\" width=\"960\" height=\"805\" src=\"https:\/\/bailatango.com\/wp-content\/uploads\/2023\/04\/Ljubuski-1.jpeg\" class=\"attachment- size-\" alt=\"\" srcset=\"https:\/\/bailatango.com\/wp-content\/uploads\/2023\/04\/Ljubuski-1.jpeg 960w, https:\/\/bailatango.com\/wp-content\/uploads\/2023\/04\/Ljubuski-1-768x644.jpeg 768w\" sizes=\"auto, (max-width: 960px) 100vw, 960px\" \/>\t\t\t\t\t\t\t\t\t\t\t<\/a>\n\t\t\t\t\t\t\t\t\t<\/div>\n\t\t\t<\/div>\n\t\t\t\t\t\t\t\t<div class=\"eltdf-ig-image \">\n\t\t\t\t<div class=\"eltdf-ig-image-inner\">\n\t\t\t\t\t\t\t\t\t\t\t<a itemprop=\"image\" class=\"eltdf-ig-lightbox\" href=\"https:\/\/bailatango.com\/wp-content\/uploads\/2023\/04\/Ljubuski-2.jpeg\" data-rel=\"prettyPhoto[image_gallery_pretty_photo-753]\" title=\"Ljubuski-2\">\n\t\t\t\t\t\t\t\t\t\t\t<img loading=\"lazy\" decoding=\"async\" width=\"1024\" height=\"500\" src=\"https:\/\/bailatango.com\/wp-content\/uploads\/2023\/04\/Ljubuski-2.jpeg\" class=\"attachment- size-\" alt=\"\" srcset=\"https:\/\/bailatango.com\/wp-content\/uploads\/2023\/04\/Ljubuski-2.jpeg 1024w, https:\/\/bailatango.com\/wp-content\/uploads\/2023\/04\/Ljubuski-2-768x375.jpeg 768w\" sizes=\"auto, (max-width: 1024px) 100vw, 1024px\" \/>\t\t\t\t\t\t\t\t\t\t\t<\/a>\n\t\t\t\t\t\t\t\t\t<\/div>\n\t\t\t<\/div>\n\t\t\t\t\t\t\t\t<div class=\"eltdf-ig-image \">\n\t\t\t\t<div class=\"eltdf-ig-image-inner\">\n\t\t\t\t\t\t\t\t\t\t\t<a itemprop=\"image\" class=\"eltdf-ig-lightbox\" href=\"https:\/\/bailatango.com\/wp-content\/uploads\/2023\/04\/Ljubuski-3.jpeg\" data-rel=\"prettyPhoto[image_gallery_pretty_photo-753]\" title=\"Ljubuski-3\">\n\t\t\t\t\t\t\t\t\t\t\t<img loading=\"lazy\" decoding=\"async\" width=\"960\" height=\"720\" src=\"https:\/\/bailatango.com\/wp-content\/uploads\/2023\/04\/Ljubuski-3.jpeg\" class=\"attachment- size-\" alt=\"\" srcset=\"https:\/\/bailatango.com\/wp-content\/uploads\/2023\/04\/Ljubuski-3.jpeg 960w, https:\/\/bailatango.com\/wp-content\/uploads\/2023\/04\/Ljubuski-3-768x576.jpeg 768w\" sizes=\"auto, (max-width: 960px) 100vw, 960px\" \/>\t\t\t\t\t\t\t\t\t\t\t<\/a>\n\t\t\t\t\t\t\t\t\t<\/div>\n\t\t\t<\/div>\n\t\t\t\t\t\t\t\t<div class=\"eltdf-ig-image \">\n\t\t\t\t<div class=\"eltdf-ig-image-inner\">\n\t\t\t\t\t\t\t\t\t\t\t<a itemprop=\"image\" class=\"eltdf-ig-lightbox\" href=\"https:\/\/bailatango.com\/wp-content\/uploads\/2023\/04\/Ljubuski-4.jpeg\" data-rel=\"prettyPhoto[image_gallery_pretty_photo-753]\" title=\"Ljubuski-4\">\n\t\t\t\t\t\t\t\t\t\t\t<img loading=\"lazy\" decoding=\"async\" width=\"1024\" height=\"500\" src=\"https:\/\/bailatango.com\/wp-content\/uploads\/2023\/04\/Ljubuski-4.jpeg\" class=\"attachment- size-\" alt=\"\" srcset=\"https:\/\/bailatango.com\/wp-content\/uploads\/2023\/04\/Ljubuski-4.jpeg 1024w, https:\/\/bailatango.com\/wp-content\/uploads\/2023\/04\/Ljubuski-4-768x375.jpeg 768w\" sizes=\"auto, (max-width: 1024px) 100vw, 1024px\" \/>\t\t\t\t\t\t\t\t\t\t\t<\/a>\n\t\t\t\t\t\t\t\t\t<\/div>\n\t\t\t<\/div>\n\t\t\t\t\t\t\t\t<div class=\"eltdf-ig-image \">\n\t\t\t\t<div class=\"eltdf-ig-image-inner\">\n\t\t\t\t\t\t\t\t\t\t\t<a itemprop=\"image\" class=\"eltdf-ig-lightbox\" href=\"https:\/\/bailatango.com\/wp-content\/uploads\/2023\/04\/Ljubuski-5.jpeg\" data-rel=\"prettyPhoto[image_gallery_pretty_photo-753]\" title=\"Ljubuski-5\">\n\t\t\t\t\t\t\t\t\t\t\t<img loading=\"lazy\" decoding=\"async\" width=\"960\" height=\"720\" src=\"https:\/\/bailatango.com\/wp-content\/uploads\/2023\/04\/Ljubuski-5.jpeg\" class=\"attachment- size-\" alt=\"\" srcset=\"https:\/\/bailatango.com\/wp-content\/uploads\/2023\/04\/Ljubuski-5.jpeg 960w, https:\/\/bailatango.com\/wp-content\/uploads\/2023\/04\/Ljubuski-5-768x576.jpeg 768w\" sizes=\"auto, (max-width: 960px) 100vw, 960px\" \/>\t\t\t\t\t\t\t\t\t\t\t<\/a>\n\t\t\t\t\t\t\t\t\t<\/div>\n\t\t\t<\/div>\n\t\t\t\t\t\t\t\t<div class=\"eltdf-ig-image \">\n\t\t\t\t<div class=\"eltdf-ig-image-inner\">\n\t\t\t\t\t\t\t\t\t\t\t<a itemprop=\"image\" class=\"eltdf-ig-lightbox\" href=\"https:\/\/bailatango.com\/wp-content\/uploads\/2023\/04\/Ljubuski-6.jpeg\" data-rel=\"prettyPhoto[image_gallery_pretty_photo-753]\" title=\"Ljubuski-6\">\n\t\t\t\t\t\t\t\t\t\t\t<img loading=\"lazy\" decoding=\"async\" width=\"960\" height=\"720\" src=\"https:\/\/bailatango.com\/wp-content\/uploads\/2023\/04\/Ljubuski-6.jpeg\" class=\"attachment- size-\" alt=\"\" srcset=\"https:\/\/bailatango.com\/wp-content\/uploads\/2023\/04\/Ljubuski-6.jpeg 960w, https:\/\/bailatango.com\/wp-content\/uploads\/2023\/04\/Ljubuski-6-768x576.jpeg 768w\" sizes=\"auto, (max-width: 960px) 100vw, 960px\" \/>\t\t\t\t\t\t\t\t\t\t\t<\/a>\n\t\t\t\t\t\t\t\t\t<\/div>\n\t\t\t<\/div>\n\t\t\t\t\t\t\t\t<div class=\"eltdf-ig-image \">\n\t\t\t\t<div class=\"eltdf-ig-image-inner\">\n\t\t\t\t\t\t\t\t\t\t\t<a itemprop=\"image\" class=\"eltdf-ig-lightbox\" href=\"https:\/\/bailatango.com\/wp-content\/uploads\/2023\/04\/Ljubuski-7.jpeg\" data-rel=\"prettyPhoto[image_gallery_pretty_photo-753]\" title=\"Ljubuski-7\">\n\t\t\t\t\t\t\t\t\t\t\t<img loading=\"lazy\" decoding=\"async\" width=\"960\" height=\"720\" src=\"https:\/\/bailatango.com\/wp-content\/uploads\/2023\/04\/Ljubuski-7.jpeg\" class=\"attachment- size-\" alt=\"\" srcset=\"https:\/\/bailatango.com\/wp-content\/uploads\/2023\/04\/Ljubuski-7.jpeg 960w, https:\/\/bailatango.com\/wp-content\/uploads\/2023\/04\/Ljubuski-7-768x576.jpeg 768w\" sizes=\"auto, (max-width: 960px) 100vw, 960px\" \/>\t\t\t\t\t\t\t\t\t\t\t<\/a>\n\t\t\t\t\t\t\t\t\t<\/div>\n\t\t\t<\/div>\n\t\t\t\t\t\t\t\t<div class=\"eltdf-ig-image \">\n\t\t\t\t<div class=\"eltdf-ig-image-inner\">\n\t\t\t\t\t\t\t\t\t\t\t<a itemprop=\"image\" class=\"eltdf-ig-lightbox\" href=\"https:\/\/bailatango.com\/wp-content\/uploads\/2023\/04\/Ljubuski-8.jpeg\" data-rel=\"prettyPhoto[image_gallery_pretty_photo-753]\" title=\"Ljubuski-8\">\n\t\t\t\t\t\t\t\t\t\t\t<img loading=\"lazy\" decoding=\"async\" width=\"960\" height=\"720\" src=\"https:\/\/bailatango.com\/wp-content\/uploads\/2023\/04\/Ljubuski-8.jpeg\" class=\"attachment- size-\" alt=\"\" srcset=\"https:\/\/bailatango.com\/wp-content\/uploads\/2023\/04\/Ljubuski-8.jpeg 960w, https:\/\/bailatango.com\/wp-content\/uploads\/2023\/04\/Ljubuski-8-768x576.jpeg 768w\" sizes=\"auto, (max-width: 960px) 100vw, 960px\" \/>\t\t\t\t\t\t\t\t\t\t\t<\/a>\n\t\t\t\t\t\t\t\t\t<\/div>\n\t\t\t<\/div>\n\t\t\t\t\t\t\t\t<div class=\"eltdf-ig-image \">\n\t\t\t\t<div class=\"eltdf-ig-image-inner\">\n\t\t\t\t\t\t\t\t\t\t\t<a itemprop=\"image\" class=\"eltdf-ig-lightbox\" href=\"https:\/\/bailatango.com\/wp-content\/uploads\/2023\/04\/Ljubuski-9.jpeg\" data-rel=\"prettyPhoto[image_gallery_pretty_photo-753]\" title=\"Ljubuski-9\">\n\t\t\t\t\t\t\t\t\t\t\t<img loading=\"lazy\" decoding=\"async\" width=\"960\" height=\"720\" src=\"https:\/\/bailatango.com\/wp-content\/uploads\/2023\/04\/Ljubuski-9.jpeg\" class=\"attachment- size-\" alt=\"\" srcset=\"https:\/\/bailatango.com\/wp-content\/uploads\/2023\/04\/Ljubuski-9.jpeg 960w, https:\/\/bailatango.com\/wp-content\/uploads\/2023\/04\/Ljubuski-9-768x576.jpeg 768w\" sizes=\"auto, (max-width: 960px) 100vw, 960px\" \/>\t\t\t\t\t\t\t\t\t\t\t<\/a>\n\t\t\t\t\t\t\t\t\t<\/div>\n\t\t\t<\/div>\n\t\t\t\t\t\t\t\t<div class=\"eltdf-ig-image \">\n\t\t\t\t<div class=\"eltdf-ig-image-inner\">\n\t\t\t\t\t\t\t\t\t\t\t<a itemprop=\"image\" class=\"eltdf-ig-lightbox\" href=\"https:\/\/bailatango.com\/wp-content\/uploads\/2023\/04\/Ljubuski-10.jpeg\" data-rel=\"prettyPhoto[image_gallery_pretty_photo-753]\" title=\"Ljubuski-10\">\n\t\t\t\t\t\t\t\t\t\t\t<img loading=\"lazy\" decoding=\"async\" width=\"960\" height=\"720\" src=\"https:\/\/bailatango.com\/wp-content\/uploads\/2023\/04\/Ljubuski-10.jpeg\" class=\"attachment- size-\" alt=\"\" srcset=\"https:\/\/bailatango.com\/wp-content\/uploads\/2023\/04\/Ljubuski-10.jpeg 960w, https:\/\/bailatango.com\/wp-content\/uploads\/2023\/04\/Ljubuski-10-768x576.jpeg 768w\" sizes=\"auto, (max-width: 960px) 100vw, 960px\" \/>\t\t\t\t\t\t\t\t\t\t\t<\/a>\n\t\t\t\t\t\t\t\t\t<\/div>\n\t\t\t<\/div>\n\t\t\t\t\t\t\t\t<div class=\"eltdf-ig-image \">\n\t\t\t\t<div class=\"eltdf-ig-image-inner\">\n\t\t\t\t\t\t\t\t\t\t\t<a itemprop=\"image\" class=\"eltdf-ig-lightbox\" href=\"https:\/\/bailatango.com\/wp-content\/uploads\/2023\/04\/Ljubuski-11.jpeg\" data-rel=\"prettyPhoto[image_gallery_pretty_photo-753]\" title=\"Ljubuski-11\">\n\t\t\t\t\t\t\t\t\t\t\t<img loading=\"lazy\" decoding=\"async\" width=\"1024\" height=\"483\" src=\"https:\/\/bailatango.com\/wp-content\/uploads\/2023\/04\/Ljubuski-11.jpeg\" class=\"attachment- size-\" alt=\"\" srcset=\"https:\/\/bailatango.com\/wp-content\/uploads\/2023\/04\/Ljubuski-11.jpeg 1024w, https:\/\/bailatango.com\/wp-content\/uploads\/2023\/04\/Ljubuski-11-768x362.jpeg 768w\" sizes=\"auto, (max-width: 1024px) 100vw, 1024px\" \/>\t\t\t\t\t\t\t\t\t\t\t<\/a>\n\t\t\t\t\t\t\t\t\t<\/div>\n\t\t\t<\/div>\n\t\t\t\t\t\t\t\t<div class=\"eltdf-ig-image \">\n\t\t\t\t<div class=\"eltdf-ig-image-inner\">\n\t\t\t\t\t\t\t\t\t\t\t<a itemprop=\"image\" class=\"eltdf-ig-lightbox\" href=\"https:\/\/bailatango.com\/wp-content\/uploads\/2023\/04\/Ljubuski-12.jpeg\" data-rel=\"prettyPhoto[image_gallery_pretty_photo-753]\" title=\"Ljubuski-12\">\n\t\t\t\t\t\t\t\t\t\t\t<img loading=\"lazy\" decoding=\"async\" width=\"601\" height=\"960\" src=\"https:\/\/bailatango.com\/wp-content\/uploads\/2023\/04\/Ljubuski-12.jpeg\" class=\"attachment- size-\" alt=\"\" \/>\t\t\t\t\t\t\t\t\t\t\t<\/a>\n\t\t\t\t\t\t\t\t\t<\/div>\n\t\t\t<\/div>\n\t\t\t\t\t\t\t\t<div class=\"eltdf-ig-image \">\n\t\t\t\t<div class=\"eltdf-ig-image-inner\">\n\t\t\t\t\t\t\t\t\t\t\t<a itemprop=\"image\" class=\"eltdf-ig-lightbox\" href=\"https:\/\/bailatango.com\/wp-content\/uploads\/2023\/04\/Ljubuski-13.jpeg\" data-rel=\"prettyPhoto[image_gallery_pretty_photo-753]\" title=\"Ljubuski-13\">\n\t\t\t\t\t\t\t\t\t\t\t<img loading=\"lazy\" decoding=\"async\" width=\"960\" height=\"656\" src=\"https:\/\/bailatango.com\/wp-content\/uploads\/2023\/04\/Ljubuski-13.jpeg\" class=\"attachment- size-\" alt=\"\" srcset=\"https:\/\/bailatango.com\/wp-content\/uploads\/2023\/04\/Ljubuski-13.jpeg 960w, https:\/\/bailatango.com\/wp-content\/uploads\/2023\/04\/Ljubuski-13-768x525.jpeg 768w\" sizes=\"auto, (max-width: 960px) 100vw, 960px\" \/>\t\t\t\t\t\t\t\t\t\t\t<\/a>\n\t\t\t\t\t\t\t\t\t<\/div>\n\t\t\t<\/div>\n\t\t\t\t\t\t\t\t<div class=\"eltdf-ig-image \">\n\t\t\t\t<div class=\"eltdf-ig-image-inner\">\n\t\t\t\t\t\t\t\t\t\t\t<a itemprop=\"image\" class=\"eltdf-ig-lightbox\" href=\"https:\/\/bailatango.com\/wp-content\/uploads\/2023\/04\/Ljubuski-14.jpeg\" data-rel=\"prettyPhoto[image_gallery_pretty_photo-753]\" title=\"Ljubuski-14\">\n\t\t\t\t\t\t\t\t\t\t\t<img loading=\"lazy\" decoding=\"async\" width=\"960\" height=\"789\" src=\"https:\/\/bailatango.com\/wp-content\/uploads\/2023\/04\/Ljubuski-14.jpeg\" class=\"attachment- size-\" alt=\"\" srcset=\"https:\/\/bailatango.com\/wp-content\/uploads\/2023\/04\/Ljubuski-14.jpeg 960w, https:\/\/bailatango.com\/wp-content\/uploads\/2023\/04\/Ljubuski-14-768x631.jpeg 768w\" sizes=\"auto, (max-width: 960px) 100vw, 960px\" \/>\t\t\t\t\t\t\t\t\t\t\t<\/a>\n\t\t\t\t\t\t\t\t\t<\/div>\n\t\t\t<\/div>\n\t\t\t\t\t\t\t\t<div class=\"eltdf-ig-image \">\n\t\t\t\t<div class=\"eltdf-ig-image-inner\">\n\t\t\t\t\t\t\t\t\t\t\t<a itemprop=\"image\" class=\"eltdf-ig-lightbox\" href=\"https:\/\/bailatango.com\/wp-content\/uploads\/2023\/04\/Ljubuski-15.jpeg\" data-rel=\"prettyPhoto[image_gallery_pretty_photo-753]\" title=\"Ljubuski-15\">\n\t\t\t\t\t\t\t\t\t\t\t<img loading=\"lazy\" decoding=\"async\" width=\"960\" height=\"499\" src=\"https:\/\/bailatango.com\/wp-content\/uploads\/2023\/04\/Ljubuski-15.jpeg\" class=\"attachment- size-\" alt=\"\" srcset=\"https:\/\/bailatango.com\/wp-content\/uploads\/2023\/04\/Ljubuski-15.jpeg 960w, https:\/\/bailatango.com\/wp-content\/uploads\/2023\/04\/Ljubuski-15-768x399.jpeg 768w\" sizes=\"auto, (max-width: 960px) 100vw, 960px\" \/>\t\t\t\t\t\t\t\t\t\t\t<\/a>\n\t\t\t\t\t\t\t\t\t<\/div>\n\t\t\t<\/div>\n\t\t\t\t\t\t\t\t<div class=\"eltdf-ig-image \">\n\t\t\t\t<div class=\"eltdf-ig-image-inner\">\n\t\t\t\t\t\t\t\t\t\t\t<a itemprop=\"image\" class=\"eltdf-ig-lightbox\" href=\"https:\/\/bailatango.com\/wp-content\/uploads\/2023\/04\/Ljubuski-16.jpeg\" data-rel=\"prettyPhoto[image_gallery_pretty_photo-753]\" title=\"Ljubuski-16\">\n\t\t\t\t\t\t\t\t\t\t\t<img loading=\"lazy\" decoding=\"async\" width=\"720\" height=\"960\" src=\"https:\/\/bailatango.com\/wp-content\/uploads\/2023\/04\/Ljubuski-16.jpeg\" class=\"attachment- size-\" alt=\"\" \/>\t\t\t\t\t\t\t\t\t\t\t<\/a>\n\t\t\t\t\t\t\t\t\t<\/div>\n\t\t\t<\/div>\n\t\t\t<\/div>\n<\/div>[\/vc_column][vc_column width=&#8221;1\/6&#8243;][\/vc_column][\/vc_row]<\/p>\n","protected":false},"excerpt":{"rendered":"<p>[vc_row disable_background_image=&#8221;&#8221; enable_arrows_animation=&#8221;no&#8221; simple_background_image=&#8221;10690&#8243; parallax_background_image=&#8221;10690&#8243; parallax_responsive_background_image=&#8221;10690&#8243; parallax_bg_height=&#8221;500&#8243; simple_background_color=&#8221;#040000&#8243;][vc_column][\/vc_column][\/vc_row][vc_row row_content_width=&#8221;grid&#8221; enable_arrows_animation=&#8221;yes&#8221; arrows_skin=&#8221;green&#8221; arrows_horizontal_position=&#8221;left&#8221; arrows_vertical_position=&#8221;middle&#8221; reduce_arrows_animation=&#8221;1440&#8243; disable_arrows_animation=&#8221;1440&#8243; content_text_aligment=&#8221;center&#8221; css=&#8221;.vc_custom_1673347332376{margin-top: 70px !important;}&#8221;][vc_column][\/vc_column][\/vc_row][vc_row enable_arrows_animation=&#8221;no&#8221; content_text_aligment=&#8221;center&#8221;][vc_column width=&#8221;1\/2&#8243; offset=&#8221;vc_hidden-lg vc_hidden-md vc_hidden-sm vc_hidden-xs&#8221;][vc_single_image image=&#8221;10659&#8243; img_size=&#8221;146&#215;200&#8243; alignment=&#8221;right&#8221;][\/vc_column][vc_column width=&#8221;1\/2&#8243; offset=&#8221;vc_hidden-lg vc_hidden-md vc_hidden-sm vc_hidden-xs&#8221;][vc_column_text] Z\u0130VE\u00c7 Zihinsel Yetersiz \u00c7ocuklar\u0131 Yeti\u015ftirme ve Koruma Vakf\u0131 [\/vc_column_text][\/vc_column][\/vc_row][vc_row row_content_width=&#8221;grid&#8221; enable_arrows_animation=&#8221;yes&#8221; arrows_skin=&#8221;green&#8221; arrows_horizontal_position=&#8221;right&#8221; arrows_vertical_position=&#8221;middle&#8221; reduce_arrows_animation=&#8221;1280&#8243; disable_arrows_animation=&#8221;1280&#8243; content_text_aligment=&#8221;center&#8221; css=&#8221;.vc_custom_1673347280994{margin-bottom: 70px !important;}&#8221;][vc_column][\/vc_column][\/vc_row][vc_row enable_arrows_animation=&#8221;no&#8221;][vc_column width=&#8221;1\/6&#8243;][\/vc_column][vc_column width=&#8221;2\/3&#8243;][\/vc_column][vc_column width=&#8221;1\/6&#8243;][\/vc_column][\/vc_row]<\/p>\n","protected":false},"author":1,"featured_media":0,"parent":0,"menu_order":0,"comment_status":"closed","ping_status":"closed","template":"full-width.php","meta":{"footnotes":""},"class_list":["post-11210","page","type-page","status-publish","hentry"],"_links":{"self":[{"href":"https:\/\/bailatango.com\/en\/wp-json\/wp\/v2\/pages\/11210","targetHints":{"allow":["GET"]}}],"collection":[{"href":"https:\/\/bailatango.com\/en\/wp-json\/wp\/v2\/pages"}],"about":[{"href":"https:\/\/bailatango.com\/en\/wp-json\/wp\/v2\/types\/page"}],"author":[{"embeddable":true,"href":"https:\/\/bailatango.com\/en\/wp-json\/wp\/v2\/users\/1"}],"replies":[{"embeddable":true,"href":"https:\/\/bailatango.com\/en\/wp-json\/wp\/v2\/comments?post=11210"}],"version-history":[{"count":0,"href":"https:\/\/bailatango.com\/en\/wp-json\/wp\/v2\/pages\/11210\/revisions"}],"wp:attachment":[{"href":"https:\/\/bailatango.com\/en\/wp-json\/wp\/v2\/media?parent=11210"}],"curies":[{"name":"wp","href":"https:\/\/api.w.org\/{rel}","templated":true}]}}